{"id":3,"date":"2025-06-21T08:11:32","date_gmt":"2025-06-21T08:11:32","guid":{"rendered":"https:\/\/alias-groupe.fr\/?page_id=3"},"modified":"2025-07-05T11:41:20","modified_gmt":"2025-07-05T11:41:20","slug":"privacy-policy","status":"publish","type":"page","link":"https:\/\/alias-groupe.fr\/en\/privacy-policy\/","title":{"rendered":"Privacy Policy"},"content":{"rendered":"<div data-elementor-type=\"wp-page\" data-elementor-id=\"3\" class=\"elementor elementor-3\">\n\t\t\t\t<div class=\"elementor-element elementor-element-ef5742 e-flex e-con-boxed e-con e-parent\" data-id=\"ef5742\" data-element_type=\"container\" data-e-type=\"container\">\n\t\t\t\t\t<div class=\"e-con-inner\">\n\t\t\t\t<div class=\"elementor-element elementor-element-193d0140 elementor-widget elementor-widget-text-editor\" data-id=\"193d0140\" data-element_type=\"widget\" data-e-type=\"widget\" data-widget_type=\"text-editor.default\">\n\t\t\t\t<div class=\"elementor-widget-container\">\n\t\t\t\t\t\t\t\t\t\n<p data-start=\"125\" data-end=\"234\"><strong data-start=\"125\" data-end=\"157\">Privacy Policy<\/strong><br data-start=\"157\" data-end=\"160\" \/><strong data-start=\"160\" data-end=\"179\">Who we are<\/strong><br data-start=\"179\" data-end=\"182\" \/>Our website address is: https:\/\/alias-groupe.fr. <a class=\"\" href=\"https:\/\/alias-groupe.fr\/en\/\" target=\"_new\" rel=\"noopener\" data-start=\"210\" data-end=\"233\">https:\/\/alias-groupe.fr<\/a>.<\/p>\n<p data-start=\"236\" data-end=\"510\"><strong data-start=\"236\" data-end=\"252\">Comments:<\/strong><br data-start=\"252\" data-end=\"255\" \/>When visitors leave comments on the site, we collect the data shown in the comment form, as well as the visitor's IP address and browser user agent string to help with spam detection.\n\nAn anonymized string created from your email address (also called a hash) may be provided to the Gravatar service to check if you are using it. The Gravatar service privacy policy is available here: https:\/\/automattic.com\/privacy\/. After your comment is approved, your profile picture is publicly visible next to your comment.<\/p>\n<p data-start=\"512\" data-end=\"890\">Une cha\u00eene anonymis\u00e9e cr\u00e9\u00e9e \u00e0 partir de votre adresse e-mail (\u00e9galement appel\u00e9e hash) peut \u00eatre fournie au service Gravatar pour v\u00e9rifier si vous l\u2019utilisez. La politique de confidentialit\u00e9 du service Gravatar est disponible ici : <a class=\"\" href=\"https:\/\/automattic.com\/privacy\/\" target=\"_new\" rel=\"noopener\" data-start=\"743\" data-end=\"774\">https:\/\/automattic.com\/privacy\/<\/a>. Apr\u00e8s validation de votre commentaire, votre photo de profil est visible publiquement \u00e0 c\u00f4t\u00e9 de votre commentaire.<\/p>\n<p data-start=\"892\" data-end=\"1168\"><strong data-start=\"892\" data-end=\"902\">Media:<\/strong><br data-start=\"902\" data-end=\"905\" \/>If you upload images to the site, you should avoid uploading images containing embedded location data (EXIF GPS). Visitors to the site can download and extract location data from images present on the site.<\/p>\n<p data-start=\"1170\" data-end=\"1460\"><strong data-start=\"1170\" data-end=\"1181\">Cookies<\/strong><br data-start=\"1181\" data-end=\"1184\" \/>If you leave a comment on our site, you can choose to save your name, email address, and website in cookies. This is for your convenience so you don't have to re-enter this information when leaving another comment. These cookies will last for one year.<\/p>\n<p data-start=\"1462\" data-end=\"1690\">If you visit our login page, a temporary cookie will be created to check if your browser accepts cookies. This cookie contains no personal data and is deleted when you close your browser.<\/p>\n<p data-start=\"1692\" data-end=\"2080\">When you log in, several cookies are created to save your login information and display preferences. Login cookies last two days; screen preference cookies last one year. If you check \"Remember me,\" your login will be maintained for two weeks. When you log out, login cookies will be deleted.<\/p>\n<p data-start=\"2082\" data-end=\"2335\">If you edit or publish an article, an additional cookie will be saved in your browser. This cookie contains no personal data and simply indicates the ID of the article you just edited. It expires after one day.<\/p>\n<p data-start=\"2337\" data-end=\"2611\"><strong data-start=\"2337\" data-end=\"2378\">Embedded content from other sites:<\/strong><br data-start=\"2378\" data-end=\"2381\" \/>Articles on this site may include embedded content (e.g., videos, images, articles, etc.). Embedded content from other sites behaves in the same way as if the visitor were to visit that other site.<\/p>\n<p data-start=\"2613\" data-end=\"2837\">These websites may collect data about you, use cookies, embed third-party tracking tools, and monitor your interaction with that embedded content if you have an account and are logged in to their site.<\/p>\n<p data-start=\"2839\" data-end=\"3001\"><strong data-start=\"2839\" data-end=\"2879\">With whom we share your data:<\/strong><br data-start=\"2879\" data-end=\"2882\" \/>If you request a password reset, your IP address will be included in the reset email.<\/p>\n<p data-start=\"3003\" data-end=\"3272\"><strong data-start=\"3003\" data-end=\"3040\">Data retention periods:<\/strong><br data-start=\"3040\" data-end=\"3043\" \/>If you leave a comment, the comment and its metadata are retained indefinitely. This allows for automatic recognition and approval of subsequent comments instead of holding them in the moderation queue.<\/p>\n<p data-start=\"3274\" data-end=\"3630\">For users who register on our site (if applicable), we also store the personal data indicated in their profile. All users can view, modify, or delete their personal information at any time (except their username). Site administrators can also view and modify this information.<\/p>\n<p data-start=\"3632\" data-end=\"4102\"><strong data-start=\"3632\" data-end=\"3676\">Your rights over your data:<\/strong><br data-start=\"3676\" data-end=\"3679\" \/>If you have an account or have left comments on the site, you can request to receive a file containing all the personal data we hold about you, including that which you have provided. You can also request the deletion of your personal data. This does not include data stored for administrative, legal, or security purpose<\/p>\n<p data-start=\"4104\" data-end=\"4248\"><strong data-start=\"4104\" data-end=\"4136\">Where your data is sent:<\/strong><br data-start=\"4136\" data-end=\"4139\" \/>Visitor comments may be checked using an automated spam detection service.<\/p>\n\t\t\t\t\t\t\t\t<\/div>\n\t\t\t\t<\/div>\n\t\t\t\t\t<\/div>\n\t\t\t\t<\/div>\n\t\t\t\t<\/div>","protected":false},"excerpt":{"rendered":"<p>Politique de confidentialit\u00e9Qui sommes-nousAdresse de notre site web : https:\/\/alias-groupe.fr. CommentairesLorsque les visiteurs laissent des commentaires sur le site, nous recueillons les donn\u00e9es indiqu\u00e9es dans le formulaire de commentaire, ainsi que l\u2019adresse IP du visiteur et la cha\u00eene d\u2019agent utilisateur du navigateur pour aider \u00e0 la d\u00e9tection des spams. Une cha\u00eene anonymis\u00e9e cr\u00e9\u00e9e \u00e0 partir [&hellip;]<\/p>\n","protected":false},"author":3,"featured_media":0,"parent":0,"menu_order":0,"comment_status":"closed","ping_status":"closed","template":"","meta":{"_eb_attr":"","footnotes":""},"class_list":["post-3","page","type-page","status-publish","hentry"],"_links":{"self":[{"href":"https:\/\/alias-groupe.fr\/en\/wp-json\/wp\/v2\/pages\/3","targetHints":{"allow":["GET"]}}],"collection":[{"href":"https:\/\/alias-groupe.fr\/en\/wp-json\/wp\/v2\/pages"}],"about":[{"href":"https:\/\/alias-groupe.fr\/en\/wp-json\/wp\/v2\/types\/page"}],"author":[{"embeddable":true,"href":"https:\/\/alias-groupe.fr\/en\/wp-json\/wp\/v2\/users\/3"}],"replies":[{"embeddable":true,"href":"https:\/\/alias-groupe.fr\/en\/wp-json\/wp\/v2\/comments?post=3"}],"version-history":[{"count":3,"href":"https:\/\/alias-groupe.fr\/en\/wp-json\/wp\/v2\/pages\/3\/revisions"}],"predecessor-version":[{"id":1561,"href":"https:\/\/alias-groupe.fr\/en\/wp-json\/wp\/v2\/pages\/3\/revisions\/1561"}],"wp:attachment":[{"href":"https:\/\/alias-groupe.fr\/en\/wp-json\/wp\/v2\/media?parent=3"}],"curies":[{"name":"wp","href":"https:\/\/api.w.org\/{rel}","templated":true}]}}