{"id":1899,"date":"2025-07-15T09:47:38","date_gmt":"2025-07-15T09:47:38","guid":{"rendered":"https:\/\/alias-groupe.fr\/?page_id=1899"},"modified":"2025-07-15T10:28:09","modified_gmt":"2025-07-15T10:28:09","slug":"testimonial","status":"publish","type":"page","link":"https:\/\/alias-groupe.fr\/fr_fr\/testimonial\/","title":{"rendered":"Testimonial"},"content":{"rendered":"\t\t<div data-elementor-type=\"wp-page\" data-elementor-id=\"1899\" class=\"elementor elementor-1899\">\n\t\t\t\t\t\t<header class=\"elementor-section elementor-top-section elementor-element elementor-element-2be4ae96 elementor-section-stretched elementor-section-height-min-height elementor-section-boxed elementor-section-height-default elementor-section-items-middle\" data-id=\"2be4ae96\" data-element_type=\"section\" data-e-type=\"section\" data-settings=\"{&quot;stretch_section&quot;:&quot;section-stretched&quot;,&quot;background_background&quot;:&quot;classic&quot;}\">\n\t\t\t\t\t\t\t<div class=\"elementor-background-overlay\"><\/div>\n\t\t\t\t\t\t\t<div class=\"elementor-container elementor-column-gap-default\">\n\t\t\t\t\t<div class=\"elementor-column elementor-col-100 elementor-top-column elementor-element elementor-element-6b9667a4\" data-id=\"6b9667a4\" data-element_type=\"column\" data-e-type=\"column\">\n\t\t\t<div class=\"elementor-widget-wrap elementor-element-populated\">\n\t\t\t\t\t\t<div class=\"elementor-element elementor-element-43e361bf elementor-widget elementor-widget-heading\" data-id=\"43e361bf\" data-element_type=\"widget\" data-e-type=\"widget\" data-widget_type=\"heading.default\">\n\t\t\t\t<div class=\"elementor-widget-container\">\n\t\t\t\t\t<h1 class=\"elementor-heading-title elementor-size-default\">T\u00e9moignages<\/h1>\t\t\t\t<\/div>\n\t\t\t\t<\/div>\n\t\t\t\t<div class=\"elementor-element elementor-element-218d67c4 elementor-widget elementor-widget-heading\" data-id=\"218d67c4\" data-element_type=\"widget\" data-e-type=\"widget\" data-widget_type=\"heading.default\">\n\t\t\t\t<div class=\"elementor-widget-container\">\n\t\t\t\t\t<h3 class=\"elementor-heading-title elementor-size-default\">T\u00e9moignages de nos clients<\/h3>\t\t\t\t<\/div>\n\t\t\t\t<\/div>\n\t\t\t\t<div class=\"elementor-element elementor-element-12444f2e elementor-widget-divider--separator-type-pattern elementor-widget-divider--view-line elementor-widget elementor-widget-divider\" data-id=\"12444f2e\" data-element_type=\"widget\" data-e-type=\"widget\" data-widget_type=\"divider.default\">\n\t\t\t\t<div class=\"elementor-widget-container\">\n\t\t\t\t\t\t\t<div class=\"elementor-divider\" style=\"--divider-pattern-url: url(&quot;data:image\/svg+xml,%3Csvg xmlns=&#039;http:\/\/www.w3.org\/2000\/svg&#039; preserveAspectRatio=&#039;none&#039; overflow=&#039;visible&#039; height=&#039;100%&#039; viewBox=&#039;0 0 20 16&#039; fill=&#039;none&#039; stroke=&#039;black&#039; stroke-width=&#039;3.3&#039; stroke-linecap=&#039;square&#039; stroke-miterlimit=&#039;10&#039;%3E%3Cg transform=&#039;translate(-12.000000, 0)&#039;%3E%3Cpath d=&#039;M28,0L10,18&#039;\/%3E%3Cpath d=&#039;M18,0L0,18&#039;\/%3E%3Cpath d=&#039;M48,0L30,18&#039;\/%3E%3Cpath d=&#039;M38,0L20,18&#039;\/%3E%3C\/g%3E%3C\/svg%3E&quot;);\">\n\t\t\t<span class=\"elementor-divider-separator\">\n\t\t\t\t\t\t<\/span>\n\t\t<\/div>\n\t\t\t\t\t\t<\/div>\n\t\t\t\t<\/div>\n\t\t\t\t\t<\/div>\n\t\t<\/div>\n\t\t\t\t\t<\/div>\n\t\t<\/header>\n\t\t\t\t<section class=\"elementor-section elementor-top-section elementor-element elementor-element-zfp8h6t elementor-section-boxed elementor-section-height-default elementor-section-height-default\" data-id=\"zfp8h6t\" data-element_type=\"section\" data-e-type=\"section\" data-settings=\"{&quot;background_background&quot;:&quot;classic&quot;}\">\n\t\t\t\t\t\t<div class=\"elementor-container elementor-column-gap-default\">\n\t\t\t\t\t<div class=\"elementor-column elementor-col-100 elementor-top-column elementor-element elementor-element-1842af3\" data-id=\"1842af3\" data-element_type=\"column\" data-e-type=\"column\" data-settings=\"{&quot;background_background&quot;:&quot;classic&quot;}\">\n\t\t\t<div class=\"elementor-widget-wrap elementor-element-populated\">\n\t\t\t\t\t<div class=\"elementor-background-overlay\"><\/div>\n\t\t\t\t\t\t<div class=\"elementor-element elementor-element-a5a9a51 elementor-widget elementor-widget-heading\" data-id=\"a5a9a51\" data-element_type=\"widget\" data-e-type=\"widget\" data-widget_type=\"heading.default\">\n\t\t\t\t<div class=\"elementor-widget-container\">\n\t\t\t\t\t<h2 class=\"elementor-heading-title elementor-size-default\">T\u00e9moignages de nos clients\n<\/h2>\t\t\t\t<\/div>\n\t\t\t\t<\/div>\n\t\t\t\t<div class=\"elementor-element elementor-element-437713a elementor-widget elementor-widget-testimonial\" data-id=\"437713a\" data-element_type=\"widget\" data-e-type=\"widget\" data-widget_type=\"testimonial.default\">\n\t\t\t\t<div class=\"elementor-widget-container\">\n\t\t\t\t\t\t\t<div class=\"elementor-testimonial-wrapper\">\n\t\t\t\t\t\t\t<div class=\"elementor-testimonial-content\">Chez ALIAS, nous sommes fiers de l'excellence de nos r\u00e9alisations et des relations de confiance que nous tissons avec nos clients. Leur succ\u00e8s est le n\u00f4tre, et nous sommes honor\u00e9s de partager leurs exp\u00e9riences avec vous.<\/div>\n\t\t\t\n\t\t\t\t\t<\/div>\n\t\t\t\t\t\t<\/div>\n\t\t\t\t<\/div>\n\t\t\t\t\t<\/div>\n\t\t<\/div>\n\t\t\t\t\t<\/div>\n\t\t<\/section>\n\t\t\t\t<section class=\"elementor-section elementor-top-section elementor-element elementor-element-75388cee elementor-section-content-middle elementor-section-boxed elementor-section-height-default elementor-section-height-default\" data-id=\"75388cee\" data-element_type=\"section\" data-e-type=\"section\" data-settings=\"{&quot;background_background&quot;:&quot;classic&quot;,&quot;shape_divider_bottom&quot;:&quot;tilt&quot;}\">\n\t\t\t\t\t<div class=\"elementor-shape elementor-shape-bottom\" aria-hidden=\"true\" data-negative=\"false\">\n\t\t\t<svg xmlns=\"http:\/\/www.w3.org\/2000\/svg\" viewBox=\"0 0 1000 100\" preserveAspectRatio=\"none\">\n\t<path class=\"elementor-shape-fill\" d=\"M0,6V0h1000v100L0,6z\"\/>\n<\/svg>\t\t<\/div>\n\t\t\t\t\t<div class=\"elementor-container elementor-column-gap-wide\">\n\t\t\t\t\t<div class=\"elementor-column elementor-col-50 elementor-top-column elementor-element elementor-element-487c0217\" data-id=\"487c0217\" data-element_type=\"column\" data-e-type=\"column\" data-settings=\"{&quot;background_background&quot;:&quot;classic&quot;}\">\n\t\t\t<div class=\"elementor-widget-wrap elementor-element-populated\">\n\t\t\t\t\t\t<div class=\"elementor-element elementor-element-45ccb66 elementor-widget elementor-widget-image\" data-id=\"45ccb66\" data-element_type=\"widget\" data-e-type=\"widget\" data-widget_type=\"image.default\">\n\t\t\t\t<div class=\"elementor-widget-container\">\n\t\t\t\t\t\t\t\t\t\t\t\t\t\t\t<img fetchpriority=\"high\" decoding=\"async\" width=\"800\" height=\"441\" src=\"https:\/\/alias-groupe.fr\/wp-content\/uploads\/2025\/07\/socorail-logo-alias-1024x565.jpg\" class=\"attachment-large size-large wp-image-1915\" alt=\"\" srcset=\"https:\/\/alias-groupe.fr\/wp-content\/uploads\/2025\/07\/socorail-logo-alias-1024x565.jpg 1024w, https:\/\/alias-groupe.fr\/wp-content\/uploads\/2025\/07\/socorail-logo-alias-300x165.jpg 300w, https:\/\/alias-groupe.fr\/wp-content\/uploads\/2025\/07\/socorail-logo-alias-768x423.jpg 768w, https:\/\/alias-groupe.fr\/wp-content\/uploads\/2025\/07\/socorail-logo-alias-1536x847.jpg 1536w, https:\/\/alias-groupe.fr\/wp-content\/uploads\/2025\/07\/socorail-logo-alias-18x10.jpg 18w, https:\/\/alias-groupe.fr\/wp-content\/uploads\/2025\/07\/socorail-logo-alias.jpg 2033w\" sizes=\"(max-width: 800px) 100vw, 800px\" \/>\t\t\t\t\t\t\t\t\t\t\t\t\t\t\t<\/div>\n\t\t\t\t<\/div>\n\t\t\t\t\t<\/div>\n\t\t<\/div>\n\t\t\t\t<div class=\"elementor-column elementor-col-50 elementor-top-column elementor-element elementor-element-763384b1\" data-id=\"763384b1\" data-element_type=\"column\" data-e-type=\"column\">\n\t\t\t<div class=\"elementor-widget-wrap elementor-element-populated\">\n\t\t\t\t\t\t<div class=\"elementor-element elementor-element-2362fc1 elementor-widget elementor-widget-heading\" data-id=\"2362fc1\" data-element_type=\"widget\" data-e-type=\"widget\" data-widget_type=\"heading.default\">\n\t\t\t\t<div class=\"elementor-widget-container\">\n\t\t\t\t\t<h2 class=\"elementor-heading-title elementor-size-xxl\">Christian HUCHON - Directeur, SOCORAIL<\/h2>\t\t\t\t<\/div>\n\t\t\t\t<\/div>\n\t\t\t\t<div class=\"elementor-element elementor-element-51436e8c elementor-widget-divider--view-line elementor-invisible elementor-widget elementor-widget-divider\" data-id=\"51436e8c\" data-element_type=\"widget\" data-e-type=\"widget\" data-settings=\"{&quot;_animation&quot;:&quot;fadeInUp&quot;}\" data-widget_type=\"divider.default\">\n\t\t\t\t<div class=\"elementor-widget-container\">\n\t\t\t\t\t\t\t<div class=\"elementor-divider\">\n\t\t\t<span class=\"elementor-divider-separator\">\n\t\t\t\t\t\t<\/span>\n\t\t<\/div>\n\t\t\t\t\t\t<\/div>\n\t\t\t\t<\/div>\n\t\t\t\t<div class=\"elementor-element elementor-element-3775ff5 elementor-widget elementor-widget-text-editor\" data-id=\"3775ff5\" data-element_type=\"widget\" data-e-type=\"widget\" data-widget_type=\"text-editor.default\">\n\t\t\t\t<div class=\"elementor-widget-container\">\n\t\t\t\t\t\t\t\t\t<p>\u00ab Dans le cadre des nombreux projets que nous menons, nous avons confi\u00e9 \u00e0 ALIAS plusieurs march\u00e9s incluant des travaux de g\u00e9nie civil ferroviaire, de signalisation, ainsi que l&rsquo;installation de modules de s\u00e9curit\u00e9 conformes aux derni\u00e8res normes. Leur expertise technique et leur rigueur sur le terrain ont \u00e9t\u00e9 cruciales pour le succ\u00e8s de ces projets. Les d\u00e9lais ont \u00e9t\u00e9 respect\u00e9s malgr\u00e9 des plannings complexes, et la coordination avec nos \u00e9quipes s&rsquo;est d\u00e9roul\u00e9e avec professionnalisme. Le r\u00e9sultat est \u00e0 la hauteur de nos exigences en termes de s\u00e9curit\u00e9, de fiabilit\u00e9 et de p\u00e9rennit\u00e9 des installations. \u00bb<\/p>\t\t\t\t\t\t\t\t<\/div>\n\t\t\t\t<\/div>\n\t\t\t\t\t<\/div>\n\t\t<\/div>\n\t\t\t\t\t<\/div>\n\t\t<\/section>\n\t\t\t\t<section class=\"elementor-section elementor-top-section elementor-element elementor-element-b7fc39b elementor-section-content-middle elementor-section-boxed elementor-section-height-default elementor-section-height-default\" data-id=\"b7fc39b\" data-element_type=\"section\" data-e-type=\"section\" data-settings=\"{&quot;background_background&quot;:&quot;classic&quot;,&quot;shape_divider_bottom&quot;:&quot;tilt&quot;}\">\n\t\t\t\t\t<div class=\"elementor-shape elementor-shape-bottom\" aria-hidden=\"true\" data-negative=\"false\">\n\t\t\t<svg xmlns=\"http:\/\/www.w3.org\/2000\/svg\" viewBox=\"0 0 1000 100\" preserveAspectRatio=\"none\">\n\t<path class=\"elementor-shape-fill\" d=\"M0,6V0h1000v100L0,6z\"\/>\n<\/svg>\t\t<\/div>\n\t\t\t\t\t<div class=\"elementor-container elementor-column-gap-wide\">\n\t\t\t\t\t<div class=\"elementor-column elementor-col-50 elementor-top-column elementor-element elementor-element-a611d15\" data-id=\"a611d15\" data-element_type=\"column\" data-e-type=\"column\">\n\t\t\t<div class=\"elementor-widget-wrap elementor-element-populated\">\n\t\t\t\t\t\t<div class=\"elementor-element elementor-element-1689eb1 elementor-widget elementor-widget-heading\" data-id=\"1689eb1\" data-element_type=\"widget\" data-e-type=\"widget\" data-widget_type=\"heading.default\">\n\t\t\t\t<div class=\"elementor-widget-container\">\n\t\t\t\t\t<h2 class=\"elementor-heading-title elementor-size-xxl\">Pierre DEFRANCE - Directeur Ferroviaire \/ Port de Dunkerque<\/h2>\t\t\t\t<\/div>\n\t\t\t\t<\/div>\n\t\t\t\t<div class=\"elementor-element elementor-element-5276c3c elementor-widget-divider--view-line elementor-invisible elementor-widget elementor-widget-divider\" data-id=\"5276c3c\" data-element_type=\"widget\" data-e-type=\"widget\" data-settings=\"{&quot;_animation&quot;:&quot;fadeInUp&quot;}\" data-widget_type=\"divider.default\">\n\t\t\t\t<div class=\"elementor-widget-container\">\n\t\t\t\t\t\t\t<div class=\"elementor-divider\">\n\t\t\t<span class=\"elementor-divider-separator\">\n\t\t\t\t\t\t<\/span>\n\t\t<\/div>\n\t\t\t\t\t\t<\/div>\n\t\t\t\t<\/div>\n\t\t\t\t<div class=\"elementor-element elementor-element-37094ce elementor-widget elementor-widget-text-editor\" data-id=\"37094ce\" data-element_type=\"widget\" data-e-type=\"widget\" data-widget_type=\"text-editor.default\">\n\t\t\t\t<div class=\"elementor-widget-container\">\n\t\t\t\t\t\t\t\t\t<p>\u00ab L\u2019approche d\u2019ALIAS Groupe a \u00e9t\u00e9 professionnelle, leur m\u00e9thode d\u2019installation des nouvelles armoires s\u00e9curis\u00e9es a \u00e9t\u00e9 essentielle pour ne pas perturber le trafic, et les am\u00e9liorations en termes de r\u00e9ponse aux pannes et aux intrusions ont \u00e9t\u00e9 imm\u00e9diates. Nous n\u2019h\u00e9siterions pas \u00e0 retravailler avec eux. \u00bb<\/p>\t\t\t\t\t\t\t\t<\/div>\n\t\t\t\t<\/div>\n\t\t\t\t\t<\/div>\n\t\t<\/div>\n\t\t\t\t<div class=\"elementor-column elementor-col-50 elementor-top-column elementor-element elementor-element-37877db\" data-id=\"37877db\" data-element_type=\"column\" data-e-type=\"column\" data-settings=\"{&quot;background_background&quot;:&quot;classic&quot;}\">\n\t\t\t<div class=\"elementor-widget-wrap elementor-element-populated\">\n\t\t\t\t\t\t<div class=\"elementor-element elementor-element-ae1d24e elementor-widget elementor-widget-image\" data-id=\"ae1d24e\" data-element_type=\"widget\" data-e-type=\"widget\" data-widget_type=\"image.default\">\n\t\t\t\t<div class=\"elementor-widget-container\">\n\t\t\t\t\t\t\t\t\t\t\t\t\t\t\t<img decoding=\"async\" width=\"370\" height=\"136\" src=\"https:\/\/alias-groupe.fr\/wp-content\/uploads\/2025\/07\/dunkenrque-port-alias.png\" class=\"attachment-large size-large wp-image-1916\" alt=\"\" srcset=\"https:\/\/alias-groupe.fr\/wp-content\/uploads\/2025\/07\/dunkenrque-port-alias.png 370w, https:\/\/alias-groupe.fr\/wp-content\/uploads\/2025\/07\/dunkenrque-port-alias-300x110.png 300w, https:\/\/alias-groupe.fr\/wp-content\/uploads\/2025\/07\/dunkenrque-port-alias-18x7.png 18w\" sizes=\"(max-width: 370px) 100vw, 370px\" \/>\t\t\t\t\t\t\t\t\t\t\t\t\t\t\t<\/div>\n\t\t\t\t<\/div>\n\t\t\t\t\t<\/div>\n\t\t<\/div>\n\t\t\t\t\t<\/div>\n\t\t<\/section>\n\t\t\t\t<\/div>\n\t\t","protected":false},"excerpt":{"rendered":"<p>T\u00e9moignages T\u00e9moignages de nos clients T\u00e9moignages de nos clients Chez ALIAS, nous sommes fiers de l&rsquo;excellence de nos r\u00e9alisations et des relations de confiance que nous tissons avec nos clients. Leur succ\u00e8s est le n\u00f4tre, et nous sommes honor\u00e9s de partager leurs exp\u00e9riences avec vous. Christian HUCHON &#8211; Directeur, SOCORAIL \u00ab Dans le cadre des [&hellip;]<\/p>\n","protected":false},"author":3,"featured_media":0,"parent":0,"menu_order":0,"comment_status":"closed","ping_status":"closed","template":"elementor_header_footer","meta":{"_eb_attr":"","footnotes":""},"class_list":["post-1899","page","type-page","status-publish","hentry"],"_links":{"self":[{"href":"https:\/\/alias-groupe.fr\/fr_fr\/wp-json\/wp\/v2\/pages\/1899","targetHints":{"allow":["GET"]}}],"collection":[{"href":"https:\/\/alias-groupe.fr\/fr_fr\/wp-json\/wp\/v2\/pages"}],"about":[{"href":"https:\/\/alias-groupe.fr\/fr_fr\/wp-json\/wp\/v2\/types\/page"}],"author":[{"embeddable":true,"href":"https:\/\/alias-groupe.fr\/fr_fr\/wp-json\/wp\/v2\/users\/3"}],"replies":[{"embeddable":true,"href":"https:\/\/alias-groupe.fr\/fr_fr\/wp-json\/wp\/v2\/comments?post=1899"}],"version-history":[{"count":10,"href":"https:\/\/alias-groupe.fr\/fr_fr\/wp-json\/wp\/v2\/pages\/1899\/revisions"}],"predecessor-version":[{"id":1922,"href":"https:\/\/alias-groupe.fr\/fr_fr\/wp-json\/wp\/v2\/pages\/1899\/revisions\/1922"}],"wp:attachment":[{"href":"https:\/\/alias-groupe.fr\/fr_fr\/wp-json\/wp\/v2\/media?parent=1899"}],"curies":[{"name":"wp","href":"https:\/\/api.w.org\/{rel}","templated":true}]}}