{"id":3,"date":"2025-06-21T08:11:32","date_gmt":"2025-06-21T08:11:32","guid":{"rendered":"https:\/\/alias-groupe.fr\/?page_id=3"},"modified":"2025-07-05T11:41:20","modified_gmt":"2025-07-05T11:41:20","slug":"privacy-policy","status":"publish","type":"page","link":"https:\/\/alias-groupe.fr\/fr_fr\/privacy-policy\/","title":{"rendered":"Privacy Policy"},"content":{"rendered":"\t\t<div data-elementor-type=\"wp-page\" data-elementor-id=\"3\" class=\"elementor elementor-3\">\n\t\t\t\t<div class=\"elementor-element elementor-element-ef5742 e-flex e-con-boxed e-con e-parent\" data-id=\"ef5742\" data-element_type=\"container\" data-e-type=\"container\">\n\t\t\t\t\t<div class=\"e-con-inner\">\n\t\t\t\t<div class=\"elementor-element elementor-element-193d0140 elementor-widget elementor-widget-text-editor\" data-id=\"193d0140\" data-element_type=\"widget\" data-e-type=\"widget\" data-widget_type=\"text-editor.default\">\n\t\t\t\t<div class=\"elementor-widget-container\">\n\t\t\t\t\t\t\t\t\t\n<p data-start=\"125\" data-end=\"234\"><strong data-start=\"125\" data-end=\"157\">Politique de confidentialit\u00e9<\/strong><br data-start=\"157\" data-end=\"160\" \/><strong data-start=\"160\" data-end=\"179\">Qui sommes-nous<\/strong><br data-start=\"179\" data-end=\"182\" \/>Adresse de notre site web : <a class=\"\" href=\"https:\/\/alias-groupe.fr\" target=\"_new\" rel=\"noopener\" data-start=\"210\" data-end=\"233\">https:\/\/alias-groupe.fr<\/a>.<\/p>\n<p data-start=\"236\" data-end=\"510\"><strong data-start=\"236\" data-end=\"252\">Commentaires<\/strong><br data-start=\"252\" data-end=\"255\" \/>Lorsque les visiteurs laissent des commentaires sur le site, nous recueillons les donn\u00e9es indiqu\u00e9es dans le formulaire de commentaire, ainsi que l\u2019adresse IP du visiteur et la cha\u00eene d\u2019agent utilisateur du navigateur pour aider \u00e0 la d\u00e9tection des spams.<\/p>\n<p data-start=\"512\" data-end=\"890\">Une cha\u00eene anonymis\u00e9e cr\u00e9\u00e9e \u00e0 partir de votre adresse e-mail (\u00e9galement appel\u00e9e hash) peut \u00eatre fournie au service Gravatar pour v\u00e9rifier si vous l\u2019utilisez. La politique de confidentialit\u00e9 du service Gravatar est disponible ici : <a class=\"\" href=\"https:\/\/automattic.com\/privacy\/\" target=\"_new\" rel=\"noopener\" data-start=\"743\" data-end=\"774\">https:\/\/automattic.com\/privacy\/<\/a>. Apr\u00e8s validation de votre commentaire, votre photo de profil est visible publiquement \u00e0 c\u00f4t\u00e9 de votre commentaire.<\/p>\n<p data-start=\"892\" data-end=\"1168\"><strong data-start=\"892\" data-end=\"902\">M\u00e9dias<\/strong><br data-start=\"902\" data-end=\"905\" \/>Si vous t\u00e9l\u00e9versez des images sur le site, vous devriez \u00e9viter de t\u00e9l\u00e9verser des images contenant des donn\u00e9es de localisation int\u00e9gr\u00e9es (EXIF GPS). Les visiteurs du site peuvent t\u00e9l\u00e9charger et extraire les donn\u00e9es de localisation des images pr\u00e9sentes sur le site.<\/p>\n<p data-start=\"1170\" data-end=\"1460\"><strong data-start=\"1170\" data-end=\"1181\">Cookies<\/strong><br data-start=\"1181\" data-end=\"1184\" \/>Si vous laissez un commentaire sur notre site, vous pouvez choisir d\u2019enregistrer votre nom, adresse e-mail et site web dans des cookies. Ceci est pour votre confort afin de ne pas avoir \u00e0 ressaisir ces informations lors d\u2019un prochain commentaire. Ces cookies dureront un an.<\/p>\n<p data-start=\"1462\" data-end=\"1690\">Si vous visitez notre page de connexion, un cookie temporaire sera cr\u00e9\u00e9 pour v\u00e9rifier si votre navigateur accepte les cookies. Ce cookie ne contient aucune donn\u00e9e personnelle et est supprim\u00e9 \u00e0 la fermeture de votre navigateur.<\/p>\n<p data-start=\"1692\" data-end=\"2080\">Lorsque vous vous connectez, plusieurs cookies sont cr\u00e9\u00e9s pour enregistrer vos informations de connexion et vos pr\u00e9f\u00e9rences d\u2019affichage. Les cookies de connexion durent deux jours, ceux li\u00e9s aux pr\u00e9f\u00e9rences d\u2019\u00e9cran durent un an. Si vous cochez \u00ab Se souvenir de moi \u00bb, votre connexion sera maintenue pendant deux semaines. En vous d\u00e9connectant, les cookies de connexion seront supprim\u00e9s.<\/p>\n<p data-start=\"2082\" data-end=\"2335\">Si vous modifiez ou publiez un article, un cookie suppl\u00e9mentaire sera enregistr\u00e9 dans votre navigateur. Ce cookie ne contient aucune donn\u00e9e personnelle et indique simplement l\u2019identifiant de l\u2019article que vous venez de modifier. Il expire apr\u00e8s un jour.<\/p>\n<p data-start=\"2337\" data-end=\"2611\"><strong data-start=\"2337\" data-end=\"2378\">Contenu int\u00e9gr\u00e9 depuis d\u2019autres sites<\/strong><br data-start=\"2378\" data-end=\"2381\" \/>Les articles de ce site peuvent inclure du contenu int\u00e9gr\u00e9 (par exemple : vid\u00e9os, images, articles, etc.). Le contenu int\u00e9gr\u00e9 depuis d\u2019autres sites se comporte de la m\u00eame mani\u00e8re que si le visiteur se rendait sur cet autre site.<\/p>\n<p data-start=\"2613\" data-end=\"2837\">Ces sites web peuvent collecter des donn\u00e9es vous concernant, utiliser des cookies, embarquer des outils de suivi tiers, et suivre vos interactions avec ce contenu embarqu\u00e9 si vous disposez d\u2019un compte connect\u00e9 sur leur site.<\/p>\n<p data-start=\"2839\" data-end=\"3001\"><strong data-start=\"2839\" data-end=\"2879\">Avec qui nous partageons vos donn\u00e9es<\/strong><br data-start=\"2879\" data-end=\"2882\" \/>Si vous demandez une r\u00e9initialisation de mot de passe, votre adresse IP sera incluse dans l\u2019e-mail de r\u00e9initialisation.<\/p>\n<p data-start=\"3003\" data-end=\"3272\"><strong data-start=\"3003\" data-end=\"3040\">Dur\u00e9es de stockage de vos donn\u00e9es<\/strong><br data-start=\"3040\" data-end=\"3043\" \/>Si vous laissez un commentaire, le commentaire et ses m\u00e9tadonn\u00e9es sont conserv\u00e9s ind\u00e9finiment. Cela permet de reconna\u00eetre et approuver automatiquement les commentaires suivants au lieu de les laisser dans la file de mod\u00e9ration.<\/p>\n<p data-start=\"3274\" data-end=\"3630\">Pour les utilisateurs qui s\u2019enregistrent sur notre site (le cas \u00e9ch\u00e9ant), nous stockons \u00e9galement les donn\u00e9es personnelles indiqu\u00e9es dans leur profil. Tous les utilisateurs peuvent voir, modifier ou supprimer leurs informations personnelles \u00e0 tout moment (sauf leur identifiant). Les administrateurs du site peuvent aussi voir et modifier ces informations.<\/p>\n<p data-start=\"3632\" data-end=\"4102\"><strong data-start=\"3632\" data-end=\"3676\">Les droits que vous avez sur vos donn\u00e9es<\/strong><br data-start=\"3676\" data-end=\"3679\" \/>Si vous avez un compte ou avez laiss\u00e9 des commentaires sur le site, vous pouvez demander \u00e0 recevoir un fichier contenant toutes les donn\u00e9es personnelles que nous d\u00e9tenons \u00e0 votre sujet, incluant celles que vous nous avez fournies. Vous pouvez \u00e9galement demander la suppression de vos donn\u00e9es personnelles. Cela ne prend pas en compte les donn\u00e9es stock\u00e9es \u00e0 des fins administratives, l\u00e9gales ou pour des raisons de s\u00e9curit\u00e9.<\/p>\n<p data-start=\"4104\" data-end=\"4248\"><strong data-start=\"4104\" data-end=\"4136\">O\u00f9 vos donn\u00e9es sont envoy\u00e9es<\/strong><br data-start=\"4136\" data-end=\"4139\" \/>Les commentaires des visiteurs peuvent \u00eatre v\u00e9rifi\u00e9s \u00e0 l\u2019aide d\u2019un service automatis\u00e9 de d\u00e9tection des spams.<\/p>\n\t\t\t\t\t\t\t\t<\/div>\n\t\t\t\t<\/div>\n\t\t\t\t\t<\/div>\n\t\t\t\t<\/div>\n\t\t\t\t<\/div>\n\t\t","protected":false},"excerpt":{"rendered":"<p>Politique de confidentialit\u00e9Qui sommes-nousAdresse de notre site web : https:\/\/alias-groupe.fr. CommentairesLorsque les visiteurs laissent des commentaires sur le site, nous recueillons les donn\u00e9es indiqu\u00e9es dans le formulaire de commentaire, ainsi que l\u2019adresse IP du visiteur et la cha\u00eene d\u2019agent utilisateur du navigateur pour aider \u00e0 la d\u00e9tection des spams. Une cha\u00eene anonymis\u00e9e cr\u00e9\u00e9e \u00e0 partir [&hellip;]<\/p>\n","protected":false},"author":3,"featured_media":0,"parent":0,"menu_order":0,"comment_status":"closed","ping_status":"closed","template":"","meta":{"_eb_attr":"","footnotes":""},"class_list":["post-3","page","type-page","status-publish","hentry"],"_links":{"self":[{"href":"https:\/\/alias-groupe.fr\/fr_fr\/wp-json\/wp\/v2\/pages\/3","targetHints":{"allow":["GET"]}}],"collection":[{"href":"https:\/\/alias-groupe.fr\/fr_fr\/wp-json\/wp\/v2\/pages"}],"about":[{"href":"https:\/\/alias-groupe.fr\/fr_fr\/wp-json\/wp\/v2\/types\/page"}],"author":[{"embeddable":true,"href":"https:\/\/alias-groupe.fr\/fr_fr\/wp-json\/wp\/v2\/users\/3"}],"replies":[{"embeddable":true,"href":"https:\/\/alias-groupe.fr\/fr_fr\/wp-json\/wp\/v2\/comments?post=3"}],"version-history":[{"count":3,"href":"https:\/\/alias-groupe.fr\/fr_fr\/wp-json\/wp\/v2\/pages\/3\/revisions"}],"predecessor-version":[{"id":1561,"href":"https:\/\/alias-groupe.fr\/fr_fr\/wp-json\/wp\/v2\/pages\/3\/revisions\/1561"}],"wp:attachment":[{"href":"https:\/\/alias-groupe.fr\/fr_fr\/wp-json\/wp\/v2\/media?parent=3"}],"curies":[{"name":"wp","href":"https:\/\/api.w.org\/{rel}","templated":true}]}}